{"id":11,"date":"2020-08-18T18:40:08","date_gmt":"2020-08-18T18:40:08","guid":{"rendered":"http:\/\/localhost\/wordpress\/?page_id=11"},"modified":"2026-03-18T23:11:40","modified_gmt":"2026-03-18T22:11:40","slug":"ueber-uns","status":"publish","type":"page","link":"https:\/\/garde-der-stadt-bad-ischl.at\/?page_id=11","title":{"rendered":"\u00dcber uns"},"content":{"rendered":"\n<p>Die Garde der Stadt Bad Ischl wurde <a href=\"https:\/\/garde-der-stadt-bad-ischl.at\/?page_id=34\">im Jahr 1966 gegr\u00fcndet<\/a>. Es ist bis heute unser Ziel, heimisches Brauchtum zu bewahren und zu erhalten. Im Vordergrund steht der <a href=\"https:\/\/garde-der-stadt-bad-ischl.at\/?page_id=60\">Ischler Schwerttanz<\/a>, der uns neben den regelm\u00e4\u00dfigen Auff\u00fchrungen alle zwei Jahre im Rahmen des Salzkammergut Kathreintanzes schon an zahlreiche Orte \u00d6sterreichs und auch ins Ausland nach Kroatien, Deutschland, Slowenien gef\u00fchrt hat.<\/p>\n\n\n\n<p>Wir organisieren jeden Herbst einen Volkstanzkurs f\u00fcr Jung und Alt, den Salzkammergut Kathreintanz im prachtvollen Ambiente des Kongress- und Theaterhauses Bad Ischl <a href=\"https:\/\/garde-der-stadt-bad-ischl.at\/?page_id=61\">mit hochklassigen Volksmusikgruppen<\/a> und wir verteilen jedes Jahr am Faschingsamstag die Ischler Faschingzeitung.<\/p>\n\n\n\n<p>Ein gro\u00dfes Anliegen ist uns auch, mit den Einnahmen der Faschingszeitung unkompliziert und schnell in der Region zu helfen, wo Hilfe gebraucht wird. Seien es Lebensmittelgutscheine, Anschaffung von Gehhilfen, Mietzusch\u00fcsse oder Lernmaterial f\u00fcr Schulen f\u00fcr beeintr\u00e4chtigte Kinder. Die Garde spendet gerne dort, wo es wirklich notwendig ist.<\/p>\n\n\n\n<p>Per E-Mail (siehe Impressum) nehmen wir gerne detaillierte und individuelle Anfragen \u00fcber unsere Aktivit\u00e4ten und sonstige Anfragen entgegen.<\/p>\n\n\n\n<p><\/p>\n\n\n\n<figure class=\"wp-block-audio\"><audio controls src=\"https:\/\/garde-der-stadt-bad-ischl.at\/wp-content\/uploads\/2020\/09\/Hoerhager_Lemmerer_20181109.mp3\"><\/audio><figcaption class=\"wp-element-caption\">Radio Ober\u00f6sterreich, G&#8217;sungen und g&#8217;spielt 09.08.2018, Interview mit J\u00f6rg Lemmerer<\/figcaption><\/figure>\n\n\n\n<p><\/p>\n\n\n\n<p>Mitschnitt eines Interviews von Heinz H\u00f6rhager mit J\u00f6rg Lemmerer in der Sendung &#8222;G\u2019sungen und g\u2019spielt&#8220; (Radio Ober\u00f6sterreich am 09.08.2018)<\/p>\n\n\n\n<figure class=\"wp-block-audio\"><audio controls src=\"https:\/\/garde-der-stadt-bad-ischl.at\/wp-content\/uploads\/2024\/11\/Interview_Joerg_Lemmerer_2024_Regionalradio_Salzkammergut.mp3\"><\/audio><figcaption class=\"wp-element-caption\">Regionalradio Salzkammergut, Der Musik Stammtisch. Interview mit J\u00f6rg Lemmerer<\/figcaption><\/figure>\n\n\n\n<p>Mitschnitt eines Interviews mit J\u00f6rg Lemmerer im Oktober 2024 vor dem Salzkammergut-Kathreintanz in der Sendung &#8222;Der Musik Stammtisch&#8220; im Regionalradio Salzkammergut.<br>Wir danken Klaus Wallerstorfer, der uns die Aufzeichnung freundlicherweise zur Verf\u00fcgung gestellt hat. <br>Auf diesem Link kann <a href=\"https:\/\/www.musikstammtisch.at\/\" target=\"_blank\" rel=\"noreferrer noopener\"><mark style=\"background-color:rgba(0, 0, 0, 0)\" class=\"has-inline-color has-purple-color\">Der Musik Stammtisch<\/mark><\/a> aktuell online geh\u00f6rt werden.<\/p>\n\n\n\n<p><\/p>\n","protected":false},"excerpt":{"rendered":"<p>Die Garde der Stadt Bad Ischl wurde im Jahr 1966 gegr\u00fcndet. Es ist bis heute unser Ziel, heimisches Brauchtum zu bewahren und zu erhalten. Im Vordergrund steht der Ischler Schwerttanz, der uns neben den regelm\u00e4\u00dfigen Auff\u00fchrungen alle zwei Jahre im Rahmen des Salzkammergut Kathreintanzes schon an zahlreiche Orte \u00d6sterreichs und auch ins Ausland nach Kroatien, &hellip; <a href=\"https:\/\/garde-der-stadt-bad-ischl.at\/?page_id=11\" class=\"more-link\"><span class=\"screen-reader-text\">\u00dcber uns<\/span> weiterlesen<\/a><\/p>\n","protected":false},"author":3,"featured_media":0,"parent":0,"menu_order":10,"comment_status":"closed","ping_status":"closed","template":"","meta":{"ngg_post_thumbnail":0,"footnotes":""},"class_list":["post-11","page","type-page","status-publish","hentry"],"_links":{"self":[{"href":"https:\/\/garde-der-stadt-bad-ischl.at\/index.php?rest_route=\/wp\/v2\/pages\/11","targetHints":{"allow":["GET"]}}],"collection":[{"href":"https:\/\/garde-der-stadt-bad-ischl.at\/index.php?rest_route=\/wp\/v2\/pages"}],"about":[{"href":"https:\/\/garde-der-stadt-bad-ischl.at\/index.php?rest_route=\/wp\/v2\/types\/page"}],"author":[{"embeddable":true,"href":"https:\/\/garde-der-stadt-bad-ischl.at\/index.php?rest_route=\/wp\/v2\/users\/3"}],"replies":[{"embeddable":true,"href":"https:\/\/garde-der-stadt-bad-ischl.at\/index.php?rest_route=%2Fwp%2Fv2%2Fcomments&post=11"}],"version-history":[{"count":21,"href":"https:\/\/garde-der-stadt-bad-ischl.at\/index.php?rest_route=\/wp\/v2\/pages\/11\/revisions"}],"predecessor-version":[{"id":1739,"href":"https:\/\/garde-der-stadt-bad-ischl.at\/index.php?rest_route=\/wp\/v2\/pages\/11\/revisions\/1739"}],"wp:attachment":[{"href":"https:\/\/garde-der-stadt-bad-ischl.at\/index.php?rest_route=%2Fwp%2Fv2%2Fmedia&parent=11"}],"curies":[{"name":"wp","href":"https:\/\/api.w.org\/{rel}","templated":true}]}}