{"id":140,"date":"2020-09-01T10:01:17","date_gmt":"2020-09-01T10:01:17","guid":{"rendered":"http:\/\/localhost\/wordpress\/?page_id=140"},"modified":"2026-03-18T23:20:46","modified_gmt":"2026-03-18T22:20:46","slug":"garde-der-stadt-bad-ischl-impressum","status":"publish","type":"page","link":"https:\/\/garde-der-stadt-bad-ischl.at\/?page_id=140","title":{"rendered":"Impressum"},"content":{"rendered":"\n<p><strong>Garde der Stadt Bad Ischl<\/strong><br>ZVR-Zahl: 944830868<\/p>\n\n\n\n<p>Vorstand: <br>J\u00f6rg Sams, J\u00f6rg Lemmerer<br><br>Emmerich Kalman-Stra\u00dfe 7<br>A 4820 Bad Ischl<\/p>\n\n\n\n<script type=\"text\/javascript\">\n    document.write('E-Mail: ');\n    verschleierteemailadresse('info', 'garde-der-stadt-bad-ischl', 'at', '');\n    function verschleierteemailadresse(eins,zwei,drei,vier) {\n        document.write('<a href=\"mailto');\n        document.write(':' + eins + '@');\n        document.write(zwei + '.' + drei + '?subject=' + vier + '\">' + eins + '@' + zwei + '.' + drei + '<\/a>');\n    }\n<\/script>\n\n\n\n<p><\/p>\n","protected":false},"excerpt":{"rendered":"<p>Garde der Stadt Bad IschlZVR-Zahl: 944830868 Vorstand: J\u00f6rg Sams, J\u00f6rg Lemmerer Emmerich Kalman-Stra\u00dfe 7A 4820 Bad Ischl<\/p>\n","protected":false},"author":3,"featured_media":0,"parent":0,"menu_order":110,"comment_status":"closed","ping_status":"closed","template":"","meta":{"ngg_post_thumbnail":0,"footnotes":""},"class_list":["post-140","page","type-page","status-publish","hentry"],"_links":{"self":[{"href":"https:\/\/garde-der-stadt-bad-ischl.at\/index.php?rest_route=\/wp\/v2\/pages\/140","targetHints":{"allow":["GET"]}}],"collection":[{"href":"https:\/\/garde-der-stadt-bad-ischl.at\/index.php?rest_route=\/wp\/v2\/pages"}],"about":[{"href":"https:\/\/garde-der-stadt-bad-ischl.at\/index.php?rest_route=\/wp\/v2\/types\/page"}],"author":[{"embeddable":true,"href":"https:\/\/garde-der-stadt-bad-ischl.at\/index.php?rest_route=\/wp\/v2\/users\/3"}],"replies":[{"embeddable":true,"href":"https:\/\/garde-der-stadt-bad-ischl.at\/index.php?rest_route=%2Fwp%2Fv2%2Fcomments&post=140"}],"version-history":[{"count":27,"href":"https:\/\/garde-der-stadt-bad-ischl.at\/index.php?rest_route=\/wp\/v2\/pages\/140\/revisions"}],"predecessor-version":[{"id":1746,"href":"https:\/\/garde-der-stadt-bad-ischl.at\/index.php?rest_route=\/wp\/v2\/pages\/140\/revisions\/1746"}],"wp:attachment":[{"href":"https:\/\/garde-der-stadt-bad-ischl.at\/index.php?rest_route=%2Fwp%2Fv2%2Fmedia&parent=140"}],"curies":[{"name":"wp","href":"https:\/\/api.w.org\/{rel}","templated":true}]}}