{"id":215,"date":"2020-09-07T15:53:29","date_gmt":"2020-09-07T15:53:29","guid":{"rendered":"http:\/\/localhost\/wordpress\/?page_id=215"},"modified":"2022-09-08T13:58:11","modified_gmt":"2022-09-08T13:58:11","slug":"datenschutzerklaerung-2","status":"publish","type":"page","link":"https:\/\/garde-der-stadt-bad-ischl.at\/?page_id=215","title":{"rendered":"Datenschutzerkl\u00e4rung"},"content":{"rendered":"\n<h4 class=\"wp-block-heading\"><strong>Zugriffsd<\/strong><strong>aten<\/strong><\/h4>\n\n\n\n<p>Der Websitebetreiber Garde der Stadt Bad Ischl erhebt aufgrund berechtigten Interesses (s. Art. 6 Abs. 1 lit. f. DSGVO) Daten \u00fcber Zugriffe auf die Website und speichert diese als \u201eServer-Logfiles\u201c auf dem Server der Website ab. Folgende Daten werden so protokolliert:<br><br>&#8211; Besuchte Website<br>&#8211; Uhrzeit zum Zeitpunkt des Zugriffes<br>&#8211; Menge der gesendeten Daten in Byte<br>&#8211; Quelle\/Verweis, von welchem Sie auf die Seite gelangten<br>&#8211; Verwendeter Browser<br>&#8211; Verwendetes Betriebssystem<br>&#8211; Verwendete IP-Adresse<br><br>Die Server-Logfiles werden f\u00fcr maximal 8 Wochen gespeichert und anschlie\u00dfend gel\u00f6scht. Die Speicherung der Daten erfolgt aus Sicherheitsgr\u00fcnden, um z. B. Missbrauchsf\u00e4lle aufkl\u00e4ren zu k\u00f6nnen. M\u00fcssen Daten aus Beweisgr\u00fcnden aufgehoben werden, sind sie solange von der L\u00f6schung ausgenommen, bis der Vorfall endg\u00fcltig gekl\u00e4rt ist.<\/p>\n\n\n\n<h4 class=\"wp-block-heading\"><strong>Personenbezogene Daten<\/strong><\/h4>\n\n\n\n<p>F\u00fcr Einladungen und evtl. Newsletter verarbeiten wir Ihre personenbezogenen Daten, die unter folgende <strong>Datenkategorien<\/strong> fallen:<br>&#8211; Name<br>&#8211; Kontaktdaten (E-Mail-Adresse und falls angegeben Adresse, Telefonnummer)<\/p>\n\n\n\n<p>Sie k\u00f6nnen diese Einwilligung jederzeit widerrufen. Ein <strong>Widerruf<\/strong> hat zur Folge, dass wir Ihre Daten ab diesem Zeitpunkt zu oben genannten Zwecken nicht mehr verarbeiten. <strong>F\u00fcr einen Widerruf wenden Sie sich bitte an die Garde der Stadt Bad Ischl:<\/strong> an die im Impressum angef\u00fchrte E-Mail-Adresse.<\/p>\n\n\n\n<p>Ihre Daten werden ausschlie\u00dflich am Server unserer Homepage gespeichert und nicht an Dritte weitergegeben<\/p>\n\n\n\n<h4 class=\"wp-block-heading\">Rechtsbehelfsbelehrung<\/h4>\n\n\n\n<p>Ihnen stehen grunds\u00e4tzlich die Rechte auf Auskunft, Berichtigung, L\u00f6schung, Einschr\u00e4nkung, Daten\u00fcbertragbarkeit und Widerspruch zu. Daf\u00fcr wenden Sie sich an uns. Wenn Sie glauben, dass die Verarbeitung Ihrer Daten gegen das Datenschutzrecht verst\u00f6\u00dft oder Ihre datenschutzrechtlichen Anspr\u00fcche sonst in einer Weise verletzt worden sind, k\u00f6nnen Sie sich bei der Aufsichtsbeh\u00f6rde beschweren. In \u00d6sterreich ist die <a href=\"http:\/\/dsb.gv.at\/\" target=\"_blank\" rel=\"noreferrer noopener\">Datenschutzbeh\u00f6rde<\/a> zust\u00e4ndig.<\/p>\n\n\n\n<h4 class=\"wp-block-heading\"><strong>Urheberrecht<\/strong><\/h4>\n\n\n\n<p>Die Garde der Stadt Bad Ischl ist bestrebt, in allen Publikationen geltende Urheberrechte zu beachten. Sollte es trotzdem zu einer Urheberrechtsverletzung kommen, wird die Garde der Stadt Bad Ischl das entsprechende Objekt nach Benachrichtigung aus seiner Publikation entfernen bzw. mit dem entsprechenden Urheberrecht kenntlich machen.<\/p>\n\n\n\n<h4 class=\"wp-block-heading\">Cookies und Tracking<\/h4>\n\n\n\n<p>Wir verwenden keine Cookies. <meta http-equiv=\"content-type\" content=\"text\/html; charset=utf-8\">Ihre oben angef\u00fchrten Zugriffsdaten bleiben bis zum L\u00f6schen auf unserem Server und werden nicht an Dritte weitergeleitet.<\/p>\n\n\n\n<h4 class=\"wp-block-heading\"><strong>\u00a9 Copyright<\/strong><\/h4>\n\n\n\n<p>Alle angegebenen Bilder und Texte auf dieser Website sind Eigentum der Garde der Stadt Bad Ischl und fallen unter das Copyright-Gesetz. Daher bitten wir Sie, das Verwenden der Bilder und Texte zu unterlassen oder uns im Falle einer Verwendung zu kontaktieren.<\/p>\n\n\n\n<p><\/p>\n","protected":false},"excerpt":{"rendered":"<p>Zugriffsdaten Der Websitebetreiber Garde der Stadt Bad Ischl erhebt aufgrund berechtigten Interesses (s. Art. 6 Abs. 1 lit. f. DSGVO) Daten \u00fcber Zugriffe auf die Website und speichert diese als \u201eServer-Logfiles\u201c auf dem Server der Website ab. Folgende Daten werden so protokolliert: &#8211; Besuchte Website&#8211; Uhrzeit zum Zeitpunkt des Zugriffes&#8211; Menge der gesendeten Daten in &hellip; <a href=\"https:\/\/garde-der-stadt-bad-ischl.at\/?page_id=215\" class=\"more-link\"><span class=\"screen-reader-text\">Datenschutzerkl\u00e4rung<\/span> weiterlesen<\/a><\/p>\n","protected":false},"author":3,"featured_media":0,"parent":0,"menu_order":120,"comment_status":"closed","ping_status":"closed","template":"","meta":{"ngg_post_thumbnail":0,"footnotes":""},"class_list":["post-215","page","type-page","status-publish","hentry"],"_links":{"self":[{"href":"https:\/\/garde-der-stadt-bad-ischl.at\/index.php?rest_route=\/wp\/v2\/pages\/215","targetHints":{"allow":["GET"]}}],"collection":[{"href":"https:\/\/garde-der-stadt-bad-ischl.at\/index.php?rest_route=\/wp\/v2\/pages"}],"about":[{"href":"https:\/\/garde-der-stadt-bad-ischl.at\/index.php?rest_route=\/wp\/v2\/types\/page"}],"author":[{"embeddable":true,"href":"https:\/\/garde-der-stadt-bad-ischl.at\/index.php?rest_route=\/wp\/v2\/users\/3"}],"replies":[{"embeddable":true,"href":"https:\/\/garde-der-stadt-bad-ischl.at\/index.php?rest_route=%2Fwp%2Fv2%2Fcomments&post=215"}],"version-history":[{"count":8,"href":"https:\/\/garde-der-stadt-bad-ischl.at\/index.php?rest_route=\/wp\/v2\/pages\/215\/revisions"}],"predecessor-version":[{"id":756,"href":"https:\/\/garde-der-stadt-bad-ischl.at\/index.php?rest_route=\/wp\/v2\/pages\/215\/revisions\/756"}],"wp:attachment":[{"href":"https:\/\/garde-der-stadt-bad-ischl.at\/index.php?rest_route=%2Fwp%2Fv2%2Fmedia&parent=215"}],"curies":[{"name":"wp","href":"https:\/\/api.w.org\/{rel}","templated":true}]}}