{"id":345,"date":"2020-11-20T16:22:10","date_gmt":"2020-11-20T16:22:10","guid":{"rendered":"https:\/\/garde-der-stadt-bad-ischl.at\/?page_id=345"},"modified":"2026-03-18T23:17:31","modified_gmt":"2026-03-18T22:17:31","slug":"der-kathreintanz","status":"publish","type":"page","link":"https:\/\/garde-der-stadt-bad-ischl.at\/?page_id=345","title":{"rendered":"Der Salzkammergut Kathreintanz"},"content":{"rendered":"\n<p>Kathrein stellt den Tanz ein. Das Wochenende nach Kathrein (25. November) f\u00e4llt in die Advent- und Fastenzeit vor Weihnachten. Daher war (ist) es Brauch, bis Silvester keine Tanzveranstaltungen abzuhalten. Es soll die Zeit der inneren Ruhe und Besinnung sein.<\/p>\n\n\n\n<p>In Ischl gab es zu Kathrein das Bergfest der Knappen des Ischler Salzberges.<\/p>\n\n\n\n<p>Bergmesse und Tanz im Knappenhaus hatten eine lange Tradition. Technische Neuerungen im Bergbau brachten es mit sich, dass die Anzahl der Knappen im 20-sten Jahrhundert st\u00e4ndig abnahm. Schlie\u00dflich fand das Bergfest nicht mehr statt, und auch die Auff\u00fchrungen des Schwerttanzes gab es aus diesem Grund nicht mehr. Inzwischen hat man das Knappenhaus, in welchem das Bergfest abgehalten wurde, niedergerissen.<\/p>\n\n\n\n<p>Bei der Gr\u00fcndung der Garde war es Ziel, das einstige Bergfest durch einen Kathreintanz wieder zu beleben und auch der Schwerttanz sollte durch den Verein erhalten bleiben. Dem jungen Verein stand damals neben Universit\u00e4tsprofessor Dr. Franz Lipp Oberbergmeister Alois Blamberger (Bl\u00e5 Lois) mit Rat und Tat zur Seite. Mit der Simon Geigenmusi spielte dieser bis zu deren krankheitsbedingten Aufl\u00f6sung zum Tanz auf. Au\u00dferdem begleitete er die Auff\u00fchrungen des Schwerttanzes mit seinen Pfeifern.<\/p>\n\n\n\n<p>Bis zu 100 T\u00e4nzer aus Bayern suchten diese Veranstaltung auf. Zwischen 500 und 600 Besucher konnten oft begr\u00fc\u00dft werden. Wir hoffen, dass es uns gelingt trotz geringerer Besucherzahlen und stark gestiegener Kosten, dieses Fest noch l\u00e4nger veranstalten zu k\u00f6nnen und freuen uns auf deinen Besuch.<\/p>\n","protected":false},"excerpt":{"rendered":"<p>Kathrein stellt den Tanz ein. Das Wochenende nach Kathrein (25. November) f\u00e4llt in die Advent- und Fastenzeit vor Weihnachten. Daher war (ist) es Brauch, bis Silvester keine Tanzveranstaltungen abzuhalten. Es soll die Zeit der inneren Ruhe und Besinnung sein. In Ischl gab es zu Kathrein das Bergfest der Knappen des Ischler Salzberges. Bergmesse und Tanz &hellip; <a href=\"https:\/\/garde-der-stadt-bad-ischl.at\/?page_id=345\" class=\"more-link\"><span class=\"screen-reader-text\">Der Salzkammergut Kathreintanz<\/span> weiterlesen<\/a><\/p>\n","protected":false},"author":3,"featured_media":0,"parent":0,"menu_order":0,"comment_status":"closed","ping_status":"closed","template":"","meta":{"ngg_post_thumbnail":0,"footnotes":""},"class_list":["post-345","page","type-page","status-publish","hentry"],"_links":{"self":[{"href":"https:\/\/garde-der-stadt-bad-ischl.at\/index.php?rest_route=\/wp\/v2\/pages\/345","targetHints":{"allow":["GET"]}}],"collection":[{"href":"https:\/\/garde-der-stadt-bad-ischl.at\/index.php?rest_route=\/wp\/v2\/pages"}],"about":[{"href":"https:\/\/garde-der-stadt-bad-ischl.at\/index.php?rest_route=\/wp\/v2\/types\/page"}],"author":[{"embeddable":true,"href":"https:\/\/garde-der-stadt-bad-ischl.at\/index.php?rest_route=\/wp\/v2\/users\/3"}],"replies":[{"embeddable":true,"href":"https:\/\/garde-der-stadt-bad-ischl.at\/index.php?rest_route=%2Fwp%2Fv2%2Fcomments&post=345"}],"version-history":[{"count":2,"href":"https:\/\/garde-der-stadt-bad-ischl.at\/index.php?rest_route=\/wp\/v2\/pages\/345\/revisions"}],"predecessor-version":[{"id":1744,"href":"https:\/\/garde-der-stadt-bad-ischl.at\/index.php?rest_route=\/wp\/v2\/pages\/345\/revisions\/1744"}],"wp:attachment":[{"href":"https:\/\/garde-der-stadt-bad-ischl.at\/index.php?rest_route=%2Fwp%2Fv2%2Fmedia&parent=345"}],"curies":[{"name":"wp","href":"https:\/\/api.w.org\/{rel}","templated":true}]}}