{"id":576,"date":"2021-08-16T19:39:05","date_gmt":"2021-08-16T19:39:05","guid":{"rendered":"https:\/\/garde-der-stadt-bad-ischl.at\/?page_id=576"},"modified":"2021-09-16T11:37:35","modified_gmt":"2021-09-16T11:37:35","slug":"covid19-bestimmungen","status":"publish","type":"page","link":"https:\/\/garde-der-stadt-bad-ischl.at\/?page_id=576","title":{"rendered":"COVID19-Bestimmungen"},"content":{"rendered":"\n<h4 class=\"wp-block-heading\">F\u00fcr Tanzkurs und Kathreintanz gilt die 3-G-Regel:<\/h4>\n\n\n\n<p><strong>Geimpft:<\/strong> <strong>Vollst\u00e4ndige Immunisierung.<\/strong><br>2 Impfungen mit Pfizer-, Moderna- oder Astra-Zeneca-Impfstoff.<br>1 Impfung mit Johnson &amp; Johnson-Impfstoff.<br>1 Impfung f\u00fcr Genesene.<\/p>\n\n\n\n<p><strong>Genesen:<\/strong> <br>180 Tage nach einer abgelaufenen Infektion g\u00fcltig.<br>Es gibt noch immer kein Zertifikat f\u00fcr Genesene, bitte den Absonderungsbescheid vorweisen!<\/p>\n\n\n\n<p><strong>Getestet:<\/strong><br><strong>PCR-Test:<\/strong> 72 Stunden nach Proben-Abnahme g\u00fcltig.<br><strong>Antigentest bei befugter Teststelle:<\/strong> 24 Stunden nach Proben-Abnahme g\u00fcltig (neu seit 15.September).<br><strong>Antigen-Selbsttest:<\/strong> 24 Stunden nach Proben-Abnahme g\u00fcltig.<br>Nachweis \u00fcber eine positive Testung auf <strong>neutralisierende Antik\u00f6rper:<\/strong> 90 Tage g\u00fcltig. Es ist m\u00f6glich, nach Ablauf der Frist die Testung erneut durchzuf\u00fchren.<\/p>\n\n\n\n<p><em>Stand ab 15. September 2021<\/em><\/p>\n\n\n\n<p>Bitte bringt die entsprechenden Nachweise zur Veranstaltung mit, wir sind gesetzlich zur Kontrolle verpflichtet und m\u00fcssen Personen ohne g\u00fcltigen Nachweis abweisen.<\/p>\n\n\n\n<p>Wir danken f\u00fcr euer Verst\u00e4ndnis!<\/p>\n","protected":false},"excerpt":{"rendered":"<p>F\u00fcr Tanzkurs und Kathreintanz gilt die 3-G-Regel: Geimpft: Vollst\u00e4ndige Immunisierung.2 Impfungen mit Pfizer-, Moderna- oder Astra-Zeneca-Impfstoff.1 Impfung mit Johnson &amp; Johnson-Impfstoff.1 Impfung f\u00fcr Genesene. Genesen: 180 Tage nach einer abgelaufenen Infektion g\u00fcltig.Es gibt noch immer kein Zertifikat f\u00fcr Genesene, bitte den Absonderungsbescheid vorweisen! Getestet:PCR-Test: 72 Stunden nach Proben-Abnahme g\u00fcltig.Antigentest bei befugter Teststelle: 24 Stunden nach &hellip; <a href=\"https:\/\/garde-der-stadt-bad-ischl.at\/?page_id=576\" class=\"more-link\"><span class=\"screen-reader-text\">COVID19-Bestimmungen<\/span> weiterlesen<\/a><\/p>\n","protected":false},"author":3,"featured_media":0,"parent":0,"menu_order":0,"comment_status":"closed","ping_status":"closed","template":"","meta":{"ngg_post_thumbnail":0,"footnotes":""},"class_list":["post-576","page","type-page","status-publish","hentry"],"_links":{"self":[{"href":"https:\/\/garde-der-stadt-bad-ischl.at\/index.php?rest_route=\/wp\/v2\/pages\/576","targetHints":{"allow":["GET"]}}],"collection":[{"href":"https:\/\/garde-der-stadt-bad-ischl.at\/index.php?rest_route=\/wp\/v2\/pages"}],"about":[{"href":"https:\/\/garde-der-stadt-bad-ischl.at\/index.php?rest_route=\/wp\/v2\/types\/page"}],"author":[{"embeddable":true,"href":"https:\/\/garde-der-stadt-bad-ischl.at\/index.php?rest_route=\/wp\/v2\/users\/3"}],"replies":[{"embeddable":true,"href":"https:\/\/garde-der-stadt-bad-ischl.at\/index.php?rest_route=%2Fwp%2Fv2%2Fcomments&post=576"}],"version-history":[{"count":11,"href":"https:\/\/garde-der-stadt-bad-ischl.at\/index.php?rest_route=\/wp\/v2\/pages\/576\/revisions"}],"predecessor-version":[{"id":602,"href":"https:\/\/garde-der-stadt-bad-ischl.at\/index.php?rest_route=\/wp\/v2\/pages\/576\/revisions\/602"}],"wp:attachment":[{"href":"https:\/\/garde-der-stadt-bad-ischl.at\/index.php?rest_route=%2Fwp%2Fv2%2Fmedia&parent=576"}],"curies":[{"name":"wp","href":"https:\/\/api.w.org\/{rel}","templated":true}]}}