{"id":604,"date":"2021-09-28T12:28:09","date_gmt":"2021-09-28T12:28:09","guid":{"rendered":"https:\/\/garde-der-stadt-bad-ischl.at\/?page_id=604"},"modified":"2021-10-07T08:10:32","modified_gmt":"2021-10-07T08:10:32","slug":"nachruf-gustav-schauer","status":"publish","type":"page","link":"https:\/\/garde-der-stadt-bad-ischl.at\/?page_id=604","title":{"rendered":"Gustav Schauer"},"content":{"rendered":"\n<div class=\"wp-block-media-text alignwide is-stacked-on-mobile\" style=\"grid-template-columns:24% auto\"><figure class=\"wp-block-media-text__media\"><img loading=\"lazy\" decoding=\"async\" width=\"490\" height=\"633\" src=\"https:\/\/garde-der-stadt-bad-ischl.at\/wp-content\/uploads\/2021\/10\/Garde-Bad-Ischl-Schauer-2.jpg\" alt=\"Gustav Schauer, Garde der Stadt Bad Ischl\" class=\"wp-image-633 size-full\" srcset=\"https:\/\/garde-der-stadt-bad-ischl.at\/wp-content\/uploads\/2021\/10\/Garde-Bad-Ischl-Schauer-2.jpg 490w, https:\/\/garde-der-stadt-bad-ischl.at\/wp-content\/uploads\/2021\/10\/Garde-Bad-Ischl-Schauer-2-232x300.jpg 232w\" sizes=\"auto, (max-width: 490px) 100vw, 490px\" \/><\/figure><div class=\"wp-block-media-text__content\">\n<p class=\"has-medium-font-size\">Wir verabschieden uns von unserem langj\u00e4hrigen Gardisten Gustav Schauer.<\/p>\n<\/div><\/div>\n\n\n\n<p>Ein wichtiger Teil seines Lebens galt dem Erhalt unserer Volkskultur. Nicht nur, dass er als Schneidermeister mithalf, der Tracht in unserer Gesellschaft einen wichtigen Stellenwert zu geben, engagierte er sich auch aktiv bei der Garde und leistete so einen wesentlichen Beitrag zum Erhalt der bodenst\u00e4ndigen Kultur.<\/p>\n\n\n\n<p>Viel Zeit widmete er der Garde Bad Ischl. Erneuerung oder \u00c4nderungen von Garde- bzw. Schwerttanzkleidung geh\u00f6rten zu jenen Beitr\u00e4gen, die uns h\u00e4ufig aus der Patsche halfen. Wie oft fehlte ein Mann, um den Schwerttanz auff\u00fchren zu k\u00f6nnen. Immer wieder sprang dann Gust ein und rettete so den Auftritt. Mit seiner Frau fand er sich auch nach vielen Ehejahren bei Gardetanzkursen ein. Schlie\u00dflich, so betonten es beide, h\u00e4tten sie sich bei einem dieser Tanzkurse kennen gelernt.<\/p>\n\n\n\n<p>Gustav, wir bedanken uns f\u00fcr Dein jahrelanges Mitwirken in unserem Verein und werden uns bem\u00fchen Deinen Geist und Deine Ziele zu bewahren und weiter zu tragen.<\/p>\n\n\n\n<p>Deine Garde Bad Ischl.<\/p>\n\n\n\n<p>Friedrich Schodterer<\/p>\n","protected":false},"excerpt":{"rendered":"<p>Wir verabschieden uns von unserem langj\u00e4hrigen Gardisten Gustav Schauer. Ein wichtiger Teil seines Lebens galt dem Erhalt unserer Volkskultur. Nicht nur, dass er als Schneidermeister mithalf, der Tracht in unserer Gesellschaft einen wichtigen Stellenwert zu geben, engagierte er sich auch aktiv bei der Garde und leistete so einen wesentlichen Beitrag zum Erhalt der bodenst\u00e4ndigen Kultur. &hellip; <a href=\"https:\/\/garde-der-stadt-bad-ischl.at\/?page_id=604\" class=\"more-link\"><span class=\"screen-reader-text\">Gustav Schauer<\/span> weiterlesen<\/a><\/p>\n","protected":false},"author":3,"featured_media":0,"parent":632,"menu_order":111,"comment_status":"closed","ping_status":"closed","template":"","meta":{"ngg_post_thumbnail":0,"footnotes":""},"class_list":["post-604","page","type-page","status-publish","hentry"],"_links":{"self":[{"href":"https:\/\/garde-der-stadt-bad-ischl.at\/index.php?rest_route=\/wp\/v2\/pages\/604","targetHints":{"allow":["GET"]}}],"collection":[{"href":"https:\/\/garde-der-stadt-bad-ischl.at\/index.php?rest_route=\/wp\/v2\/pages"}],"about":[{"href":"https:\/\/garde-der-stadt-bad-ischl.at\/index.php?rest_route=\/wp\/v2\/types\/page"}],"author":[{"embeddable":true,"href":"https:\/\/garde-der-stadt-bad-ischl.at\/index.php?rest_route=\/wp\/v2\/users\/3"}],"replies":[{"embeddable":true,"href":"https:\/\/garde-der-stadt-bad-ischl.at\/index.php?rest_route=%2Fwp%2Fv2%2Fcomments&post=604"}],"version-history":[{"count":6,"href":"https:\/\/garde-der-stadt-bad-ischl.at\/index.php?rest_route=\/wp\/v2\/pages\/604\/revisions"}],"predecessor-version":[{"id":634,"href":"https:\/\/garde-der-stadt-bad-ischl.at\/index.php?rest_route=\/wp\/v2\/pages\/604\/revisions\/634"}],"up":[{"embeddable":true,"href":"https:\/\/garde-der-stadt-bad-ischl.at\/index.php?rest_route=\/wp\/v2\/pages\/632"}],"wp:attachment":[{"href":"https:\/\/garde-der-stadt-bad-ischl.at\/index.php?rest_route=%2Fwp%2Fv2%2Fmedia&parent=604"}],"curies":[{"name":"wp","href":"https:\/\/api.w.org\/{rel}","templated":true}]}}