{"id":606,"date":"2021-09-28T12:29:14","date_gmt":"2021-09-28T12:29:14","guid":{"rendered":"https:\/\/garde-der-stadt-bad-ischl.at\/?page_id=606"},"modified":"2021-10-11T09:58:43","modified_gmt":"2021-10-11T09:58:43","slug":"nachruf-harald-baumann","status":"publish","type":"page","link":"https:\/\/garde-der-stadt-bad-ischl.at\/?page_id=606","title":{"rendered":"Harald Baumann"},"content":{"rendered":"\n<div class=\"wp-block-media-text alignwide is-stacked-on-mobile\" style=\"grid-template-columns:31% auto\"><figure class=\"wp-block-media-text__media\"><img loading=\"lazy\" decoding=\"async\" width=\"737\" height=\"737\" src=\"https:\/\/garde-der-stadt-bad-ischl.at\/wp-content\/uploads\/2021\/10\/Garde-Bad-Ischl-Baumann-5.jpg\" alt=\"Harald Baumann, Garde der Stadt Bad Ischl\" class=\"wp-image-644 size-full\" srcset=\"https:\/\/garde-der-stadt-bad-ischl.at\/wp-content\/uploads\/2021\/10\/Garde-Bad-Ischl-Baumann-5.jpg 737w, https:\/\/garde-der-stadt-bad-ischl.at\/wp-content\/uploads\/2021\/10\/Garde-Bad-Ischl-Baumann-5-300x300.jpg 300w, https:\/\/garde-der-stadt-bad-ischl.at\/wp-content\/uploads\/2021\/10\/Garde-Bad-Ischl-Baumann-5-150x150.jpg 150w\" sizes=\"auto, (max-width: 737px) 100vw, 737px\" \/><\/figure><div class=\"wp-block-media-text__content\">\n<p class=\"has-medium-font-size\">Abschied der Garde Bad Ischl von unserm Harald Baumann.<\/p>\n<\/div><\/div>\n\n\n\n<div class=\"wp-block-columns is-layout-flex wp-container-core-columns-is-layout-9d6595d7 wp-block-columns-is-layout-flex\">\n<div class=\"wp-block-column is-layout-flow wp-block-column-is-layout-flow\" style=\"flex-basis:66.66%\">\n<p><br>Als Gr\u00fcndungsmitglied der Garde \u00fcbernahm er von Lois Neuper die Abhaltung der Garde-Volkstanzkurse. Hier begeisterte er viele Ischler B\u00fcrger mit seiner souver\u00e4nen, ruhigen und humorigen Art. Auch sp\u00e4ter als Hauptmann hatte er im Verein eine tragende Rolle.<\/p>\n<\/div>\n\n\n\n<div class=\"wp-block-column is-layout-flow wp-block-column-is-layout-flow\" style=\"flex-basis:33.33%\">\n<figure class=\"wp-block-image size-full\"><img loading=\"lazy\" decoding=\"async\" width=\"671\" height=\"671\" src=\"https:\/\/garde-der-stadt-bad-ischl.at\/wp-content\/uploads\/2021\/09\/Garde-Bad-Ischl-Baumann-2.jpg\" alt=\"Harald Baumann beim Schwerttanz, Garde der Stadt Bad Ischl\" class=\"wp-image-617\" srcset=\"https:\/\/garde-der-stadt-bad-ischl.at\/wp-content\/uploads\/2021\/09\/Garde-Bad-Ischl-Baumann-2.jpg 671w, https:\/\/garde-der-stadt-bad-ischl.at\/wp-content\/uploads\/2021\/09\/Garde-Bad-Ischl-Baumann-2-300x300.jpg 300w, https:\/\/garde-der-stadt-bad-ischl.at\/wp-content\/uploads\/2021\/09\/Garde-Bad-Ischl-Baumann-2-150x150.jpg 150w\" sizes=\"auto, (max-width: 671px) 100vw, 671px\" \/><figcaption>Harald Baumann (links)<\/figcaption><\/figure>\n<\/div>\n<\/div>\n\n\n\n<p>Die Ischler Faschingzeitung war ihm eine Herzensangelegenheit. &#8222;Eine Seite hab ich schon!&#8220;, konnte man jedes Jahr bei einer Faschingszeitungssitzung h\u00f6ren. So findet man z. B. &#8222;Die Pekingreise eines Ebenseers&#8220; von Martin Schmoller in einer dieser Ausgaben.<\/p>\n\n\n\n<p>Nachdem der alte Kern des Vereines aus verschiedensten Gr\u00fcnden (z. B. Wechsel des Wohnsitzes) abzubr\u00f6ckeln begann, gelang es Harald eine neue Generation von Gardisten aufzubauen. An mich (Fritz Schodterer) \u00fcbergab er in Etappen die Leitung der Tanzkurse. Ich konnte mir von ihm sehr viel abschauen und es war sicher nicht leicht, in seine Fu\u00dfstapfen zu treten. Beim Engagieren der Simon Geigenmusi nahm er mich immer mit und erm\u00f6glichte mir dadurch, sp\u00e4ter selbst den Spielmann f\u00fcr den Tanzkurs oder die Musik f\u00fcr unsere Tanzveranstaltungen zu organisieren.<\/p>\n\n\n\n<p>Unter dem Motto &#8222;Nicht verzagen Harald fragen&#8220; begleitete er uns st\u00e4ndig mit Rat und Tat. Fragen und Probleme gab es immer wieder, bei denen er uns rasch und kompetent weiterhalf.<\/p>\n\n\n\n<p>Ja, lieber Harald, ohne Dich und Deine Bem\u00fchungen g\u00e4be es die Garde seit den 70-er-Jahren wohl nicht mehr. So nehmen wir schweren Herzens von Dir Abschied und bedanken uns bei Dir f\u00fcr Dein Wirken sowohl im Verein als auch f\u00fcr Dein geliebtes Ischl.<\/p>\n\n\n\n<p>Friedrich Schodterer<\/p>\n","protected":false},"excerpt":{"rendered":"<p>Abschied der Garde Bad Ischl von unserm Harald Baumann. Als Gr\u00fcndungsmitglied der Garde \u00fcbernahm er von Lois Neuper die Abhaltung der Garde-Volkstanzkurse. Hier begeisterte er viele Ischler B\u00fcrger mit seiner souver\u00e4nen, ruhigen und humorigen Art. Auch sp\u00e4ter als Hauptmann hatte er im Verein eine tragende Rolle. Die Ischler Faschingzeitung war ihm eine Herzensangelegenheit. &#8222;Eine Seite &hellip; <a href=\"https:\/\/garde-der-stadt-bad-ischl.at\/?page_id=606\" class=\"more-link\"><span class=\"screen-reader-text\">Harald Baumann<\/span> weiterlesen<\/a><\/p>\n","protected":false},"author":3,"featured_media":0,"parent":632,"menu_order":112,"comment_status":"closed","ping_status":"closed","template":"","meta":{"ngg_post_thumbnail":0,"footnotes":""},"class_list":["post-606","page","type-page","status-publish","hentry"],"_links":{"self":[{"href":"https:\/\/garde-der-stadt-bad-ischl.at\/index.php?rest_route=\/wp\/v2\/pages\/606","targetHints":{"allow":["GET"]}}],"collection":[{"href":"https:\/\/garde-der-stadt-bad-ischl.at\/index.php?rest_route=\/wp\/v2\/pages"}],"about":[{"href":"https:\/\/garde-der-stadt-bad-ischl.at\/index.php?rest_route=\/wp\/v2\/types\/page"}],"author":[{"embeddable":true,"href":"https:\/\/garde-der-stadt-bad-ischl.at\/index.php?rest_route=\/wp\/v2\/users\/3"}],"replies":[{"embeddable":true,"href":"https:\/\/garde-der-stadt-bad-ischl.at\/index.php?rest_route=%2Fwp%2Fv2%2Fcomments&post=606"}],"version-history":[{"count":16,"href":"https:\/\/garde-der-stadt-bad-ischl.at\/index.php?rest_route=\/wp\/v2\/pages\/606\/revisions"}],"predecessor-version":[{"id":658,"href":"https:\/\/garde-der-stadt-bad-ischl.at\/index.php?rest_route=\/wp\/v2\/pages\/606\/revisions\/658"}],"up":[{"embeddable":true,"href":"https:\/\/garde-der-stadt-bad-ischl.at\/index.php?rest_route=\/wp\/v2\/pages\/632"}],"wp:attachment":[{"href":"https:\/\/garde-der-stadt-bad-ischl.at\/index.php?rest_route=%2Fwp%2Fv2%2Fmedia&parent=606"}],"curies":[{"name":"wp","href":"https:\/\/api.w.org\/{rel}","templated":true}]}}