{"id":851,"date":"2024-04-23T13:29:45","date_gmt":"2024-04-23T13:29:45","guid":{"rendered":"https:\/\/garde-der-stadt-bad-ischl.at\/?page_id=851"},"modified":"2024-04-23T14:24:39","modified_gmt":"2024-04-23T14:24:39","slug":"ehrung-fritz-schodterer","status":"publish","type":"page","link":"https:\/\/garde-der-stadt-bad-ischl.at\/?page_id=851","title":{"rendered":"Ehrung Fritz Schodterer"},"content":{"rendered":"\n<div class=\"wp-block-media-text alignwide is-stacked-on-mobile\"><figure class=\"wp-block-media-text__media\"><img loading=\"lazy\" decoding=\"async\" width=\"600\" height=\"600\" src=\"https:\/\/garde-der-stadt-bad-ischl.at\/wp-content\/uploads\/2024\/04\/Garde_Ehrung_Schodterer_1_klein.jpg\" alt=\"Fritz Schodterer erh\u00e4lt die silberne Kulturmedaille des Landes Ober\u00f6sterreich, Garde der Stadt Bad Ischl. Quelle: Land Ober\u00f6sterreich\" class=\"wp-image-856 size-full\" srcset=\"https:\/\/garde-der-stadt-bad-ischl.at\/wp-content\/uploads\/2024\/04\/Garde_Ehrung_Schodterer_1_klein.jpg 600w, https:\/\/garde-der-stadt-bad-ischl.at\/wp-content\/uploads\/2024\/04\/Garde_Ehrung_Schodterer_1_klein-300x300.jpg 300w, https:\/\/garde-der-stadt-bad-ischl.at\/wp-content\/uploads\/2024\/04\/Garde_Ehrung_Schodterer_1_klein-150x150.jpg 150w\" sizes=\"auto, (max-width: 600px) 100vw, 600px\" \/><\/figure><div class=\"wp-block-media-text__content\">\n<p>Am 8. April 2024 wurde Fritz Schodterer im steinernen Saal des Linzer Landhauses die silberne Kulturmedaille des Landes Ober\u00f6sterreich \u00fcberreicht. <\/p>\n\n\n\n<p class=\"has-small-font-size\"><em>Bildquelle: Land Ober\u00f6sterreich<\/em><\/p>\n<\/div><\/div>\n\n\n\n<p>Landeshauptmann Thomas Stelzer w\u00fcrdigte sein jahrzehntelanges Engagement in den Bereichen Volksmusik und Volkstanz im inneren Salzkammergut und weit dar\u00fcber hinaus.<\/p>\n\n\n\n<p>Schon in jungen Jahren kam Fritz mit Volkstanz und Volksmusik in Kontakt. Sp\u00e4ter einmal sagte er: <em>\u201eIch habe mir diese alten M\u00e4nner <\/em>[Simon Geigenmusi]<em>, die da spielten und musizierten angeh\u00f6rt und mir gedacht: Was ist, wenn die einmal nicht mehr sind?\u201c<\/em><\/p>\n\n\n\n<p>Zur Gitarre (Schulband) erlernte er den Kontrabass und begann als Bassist bei der <em>Ischler Geigenmusi<\/em> \u2013 sp\u00e4ter <em>Salzkammergut Geigenmusi<\/em>. Es folgten zahlreiche Gruppen, bei denen er bis heute mitwirkt. So z. B. die <em>Salzkammergut Geigenmusi, Ofenb\u00e4nkmusi, Toiflmusikanten<\/em> oder <em>Genussgeiger<\/em>. Als Trommler (Landsknechttrommel) begleitet er seit vielen Jahren Sch\u00fctzenmusik, den Ischler Schwerttanz und Seitlpfeifer nicht nur am Pfeifertag.<\/p>\n\n\n\n<p>Seit Jahrzehnten ist Fritz zudem unerm\u00fcdlich und nicht nur im inneren Salzkammergut als Volkstanzlehrer f\u00fcr Alt und Jung, Anf\u00e4ngerInnen und Fortgeschrittene t\u00e4tig. Als Referent f\u00fcr T\u00e4nze aus dem Salzkammergut, Workshopleiter f\u00fcr Sch\u00fclerinnen und Sch\u00fcler h\u00f6herer Schulen oder \u201anormaler\u2018 Tanzkursleiter gab und gibt er sein profundes Wissen \u00fcber Volkst\u00e4nze aus dem Salzkammergut weiter. Etliche Reisen als S\u00e4nger, Musikant und Tanzlehrer f\u00fchrten ihn sozusagen als \u201aKulturbotschafter\u2018 unter anderem nach Frankreich, Polen, die Ukraine, Argentinien und 2 x nach S\u00fcdafrika\/Namibia.<\/p>\n\n\n\n<p>Seit 2013 ist er Ehrenhauptmann der 1966 von Univ. Prof. Franz C. Lipp gegr\u00fcndeten Garde der Stadt Bad Ischl, der er seit Mitte der 70iger Jahre in aktiver und tlw. leitender Funktion angeh\u00f6rt. Der von der Garde veranstaltete Salzkammergut Kathreintanz, die Auff\u00fchrung des Ischler Schwerttanzes, die Abhaltung von Volkstanzkursen sowie Auftritte innerhalb und au\u00dferhalb \u00d6sterreichs sind untrennbar ihm verbunden.<\/p>\n\n\n\n<p><em>Die Garde der Stadt Bad Ischl gratuliert recht herzlich zu dieser wohlverdienten Auszeichnung!<\/em><\/p>\n\n\n\n<p><strong>Ver\u00f6ffentlichungen auf CD, bei denen Fritz Schodterer mitgewirkt hat (Auszug):<\/strong><\/p>\n\n\n\n<ul class=\"wp-block-list\">\n<li>Die Toifl Musikanten aus Bad Goisern \u2013 Volksmusik aus dem Salzkammergut (CD-125)<\/li>\n\n\n\n<li>Advent am Neubau 2012 \u2013 Chorvereinigung Wien-Neubau, Volksliedchor Bad Ischl, Ischler Ofenbankmusi<\/li>\n\n\n\n<li>Stad is word\u2018n: Lieder und Weisen zur Weihnachtszeit (u.a. Ofenbankmusi)<\/li>\n\n\n\n<li>Wias uns g\u2018freit: Salzkammergut Geigenmusi, Hochanger Dreigesang, Goiserer Klarinettenmusi, Goiserer Viergesang<\/li>\n\n\n\n<li>Salzkammergut Weihnacht \u2013 s\u2019Jahr geht dem End zua (u.a. Ischler Ofenbankmusi)<\/li>\n\n\n\n<li>Weihnachtlich (u.a. Ofenb\u00e4nkmusi)<\/li>\n\n\n\n<li>Musikvolk spielt Volksmusik: Genussgeiger \u2013 Musik aus dem Salzkammergut und Umgebung (2019)<\/li>\n\n\n\n<li>Husig tanzt: T\u00e4nze aus dem Salzkammergut und aus \u00d6sterreich (u.a. Salzkammergut Geigenmusi)<\/li>\n\n\n\n<li>Ischler Viergesang \u2013 Salzkammergut Geigenmusi (CD-201192) Salzkammergut Weihnacht: Volksmusik aus dem Salzkammergut (mit Peter Gillesberger)<\/li>\n\n\n\n<li>140 Jahre MGV Bad Goisern<\/li>\n<\/ul>\n","protected":false},"excerpt":{"rendered":"<p>Am 8. April 2024 wurde Fritz Schodterer im steinernen Saal des Linzer Landhauses die silberne Kulturmedaille des Landes Ober\u00f6sterreich \u00fcberreicht. Bildquelle: Land Ober\u00f6sterreich Landeshauptmann Thomas Stelzer w\u00fcrdigte sein jahrzehntelanges Engagement in den Bereichen Volksmusik und Volkstanz im inneren Salzkammergut und weit dar\u00fcber hinaus. Schon in jungen Jahren kam Fritz mit Volkstanz und Volksmusik in Kontakt. &hellip; <a href=\"https:\/\/garde-der-stadt-bad-ischl.at\/?page_id=851\" class=\"more-link\"><span class=\"screen-reader-text\">Ehrung Fritz Schodterer<\/span> weiterlesen<\/a><\/p>\n","protected":false},"author":3,"featured_media":0,"parent":0,"menu_order":0,"comment_status":"closed","ping_status":"closed","template":"","meta":{"ngg_post_thumbnail":0,"footnotes":""},"class_list":["post-851","page","type-page","status-publish","hentry"],"_links":{"self":[{"href":"https:\/\/garde-der-stadt-bad-ischl.at\/index.php?rest_route=\/wp\/v2\/pages\/851","targetHints":{"allow":["GET"]}}],"collection":[{"href":"https:\/\/garde-der-stadt-bad-ischl.at\/index.php?rest_route=\/wp\/v2\/pages"}],"about":[{"href":"https:\/\/garde-der-stadt-bad-ischl.at\/index.php?rest_route=\/wp\/v2\/types\/page"}],"author":[{"embeddable":true,"href":"https:\/\/garde-der-stadt-bad-ischl.at\/index.php?rest_route=\/wp\/v2\/users\/3"}],"replies":[{"embeddable":true,"href":"https:\/\/garde-der-stadt-bad-ischl.at\/index.php?rest_route=%2Fwp%2Fv2%2Fcomments&post=851"}],"version-history":[{"count":6,"href":"https:\/\/garde-der-stadt-bad-ischl.at\/index.php?rest_route=\/wp\/v2\/pages\/851\/revisions"}],"predecessor-version":[{"id":867,"href":"https:\/\/garde-der-stadt-bad-ischl.at\/index.php?rest_route=\/wp\/v2\/pages\/851\/revisions\/867"}],"wp:attachment":[{"href":"https:\/\/garde-der-stadt-bad-ischl.at\/index.php?rest_route=%2Fwp%2Fv2%2Fmedia&parent=851"}],"curies":[{"name":"wp","href":"https:\/\/api.w.org\/{rel}","templated":true}]}}